{"id":2557,"date":"2022-08-02T10:55:15","date_gmt":"2022-08-02T07:55:15","guid":{"rendered":"https:\/\/pensiuneasugag.ro\/tourist-packages\/"},"modified":"2024-08-12T15:35:22","modified_gmt":"2024-08-12T12:35:22","slug":"tourist-packages","status":"publish","type":"page","link":"https:\/\/pensiuneasugag.ro\/en\/tourist-packages\/","title":{"rendered":"Tourist packages"},"content":{"rendered":"\n<p class=\"has-text-align-center has-gold-color has-dark-blue-background-color has-text-color has-background\" style=\"font-size:16px\"><em><strong><em><strong>Pensiunea \u0218ugag<\/strong><\/em><\/strong> <em>is located at the foot of the \u0218ureanu Mountains, where the King&#8217;s Road to Transalpina begins.<\/em><\/em><\/p>\n\n<!--more-->\n\n<div class=\"wp-block-getwid-section alignfull alignfull getwid-margin-top-none getwid-margin-bottom-none\"><div class=\"wp-block-getwid-section__wrapper getwid-padding-top-none getwid-padding-bottom-none getwid-padding-left-medium getwid-padding-right-medium getwid-padding-mobile-left-small getwid-padding-mobile-right-small\"><div class=\"wp-block-getwid-section__inner-wrapper\"><div class=\"wp-block-getwid-section__background-holder\"><div class=\"wp-block-getwid-section__background\"><\/div><div class=\"wp-block-getwid-section__foreground\"><\/div><\/div><div class=\"wp-block-getwid-section__content\"><div class=\"wp-block-getwid-section__inner-content\">\n<div class=\"wp-block-columns has-2-columns is-layout-flex wp-container-core-columns-is-layout-9d6595d7 wp-block-columns-is-layout-flex\">\n<div class=\"wp-block-column is-layout-flow wp-block-column-is-layout-flow\">\n<div class=\"wp-block-getwid-advanced-heading is-style-style-1 has-custom-font-size\" style=\"font-size:12px;margin-bottom:0px\"><p class=\"wp-block-getwid-advanced-heading__content\" style=\"letter-spacing:0.1em\"><\/p><\/div>\n\n\n\n<div class=\"wp-block-getwid-advanced-heading is-style-default\" style=\"margin-top:10px\"><h2 class=\"wp-block-getwid-advanced-heading__content\">Welcome to the \u0218ugag Guesthouse!<\/h2><\/div>\n<\/div>\n\n\n\n<div class=\"wp-block-column is-layout-flow wp-block-column-is-layout-flow\">\n<p>We invite you to discover the \u0218ugag Guesthouse, an oasis of tranquility in the heart of nature \u2013 a charming and stylish guesthouse located at the foot of the \u0218ureanu Mountains in \u0218ugag, Alba County.  <\/p>\n\n\n\n<p>The guesthouse offers 11 rooms with private bathrooms, accommodating 24 to 30 guests with extra beds. It features a children&#8217;s playroom, a fully equipped kitchen (with refrigerators, an electric stove\/oven, microwave, dishwasher, espresso machine, etc.), a spacious living area with tables and chairs, an outdoor terrace relaxation area, a barbecue, private parking, and a courtyard. <\/p>\n<\/div>\n<\/div>\n<\/div><\/div><\/div><\/div><\/div>\n\n<div class=\"wp-block-getwid-section alignfull alignfull getwid-margin-top-none getwid-margin-bottom-none\"><div class=\"wp-block-getwid-section__wrapper getwid-padding-top-normal getwid-padding-bottom-normal getwid-padding-left-medium getwid-padding-right-medium getwid-padding-mobile-left-small getwid-padding-mobile-right-small\"><div class=\"wp-block-getwid-section__inner-wrapper\"><div class=\"wp-block-getwid-section__background-holder\"><div class=\"wp-block-getwid-section__background\"><\/div><div class=\"wp-block-getwid-section__foreground\"><\/div><\/div><div class=\"wp-block-getwid-section__content\"><div class=\"wp-block-getwid-section__inner-content\">\n<div class=\"wp-block-columns has-2-columns is-layout-flex wp-container-core-columns-is-layout-9d6595d7 wp-block-columns-is-layout-flex\">\n<div class=\"wp-block-column is-layout-flow wp-block-column-is-layout-flow\">\n<figure class=\"wp-block-image size-full\"><img loading=\"lazy\" decoding=\"async\" width=\"1024\" height=\"768\" src=\"https:\/\/pensiuneasugag.scrinternal.ro\/wp-content\/uploads\/2022\/05\/278743264_129459839679879_1187301970039633088_n-1.jpg\" alt=\"\" class=\"wp-image-1445\" srcset=\"https:\/\/pensiuneasugag.ro\/wp-content\/uploads\/2022\/05\/278743264_129459839679879_1187301970039633088_n-1.jpg 1024w, https:\/\/pensiuneasugag.ro\/wp-content\/uploads\/2022\/05\/278743264_129459839679879_1187301970039633088_n-1-600x450.jpg 600w, https:\/\/pensiuneasugag.ro\/wp-content\/uploads\/2022\/05\/278743264_129459839679879_1187301970039633088_n-1-300x225.jpg 300w, https:\/\/pensiuneasugag.ro\/wp-content\/uploads\/2022\/05\/278743264_129459839679879_1187301970039633088_n-1-768x576.jpg 768w\" sizes=\"auto, (max-width: 1024px) 100vw, 1024px\" \/><\/figure>\n<\/div>\n\n\n\n<div class=\"wp-block-column is-layout-flow wp-block-column-is-layout-flow\">\n<figure class=\"wp-block-image size-full\"><img loading=\"lazy\" decoding=\"async\" width=\"1024\" height=\"767\" src=\"https:\/\/pensiuneasugag.scrinternal.ro\/wp-content\/uploads\/2022\/05\/279131024_129459823013214_4922460104326446510_n.jpg\" alt=\"\" class=\"wp-image-1379\" srcset=\"https:\/\/pensiuneasugag.ro\/wp-content\/uploads\/2022\/05\/279131024_129459823013214_4922460104326446510_n.jpg 1024w, https:\/\/pensiuneasugag.ro\/wp-content\/uploads\/2022\/05\/279131024_129459823013214_4922460104326446510_n-600x449.jpg 600w, https:\/\/pensiuneasugag.ro\/wp-content\/uploads\/2022\/05\/279131024_129459823013214_4922460104326446510_n-300x225.jpg 300w, https:\/\/pensiuneasugag.ro\/wp-content\/uploads\/2022\/05\/279131024_129459823013214_4922460104326446510_n-768x575.jpg 768w\" sizes=\"auto, (max-width: 1024px) 100vw, 1024px\" \/><\/figure>\n<\/div>\n<\/div>\n<\/div><\/div><\/div><\/div><\/div>\n\n<div class=\"wp-block-getwid-section alignfull alignfull getwid-margin-top-none getwid-margin-bottom-none\"><div class=\"wp-block-getwid-section__wrapper getwid-padding-top-none getwid-padding-bottom-none getwid-padding-left-medium getwid-padding-right-medium getwid-padding-mobile-left-small getwid-padding-mobile-right-small\"><div class=\"wp-block-getwid-section__inner-wrapper\"><div class=\"wp-block-getwid-section__background-holder\"><div class=\"wp-block-getwid-section__background\"><\/div><div class=\"wp-block-getwid-section__foreground\"><\/div><\/div><div class=\"wp-block-getwid-section__content\"><div class=\"wp-block-getwid-section__inner-content\">\n<div class=\"wp-block-columns has-2-columns is-layout-flex wp-container-core-columns-is-layout-9d6595d7 wp-block-columns-is-layout-flex\">\n<div class=\"wp-block-column is-vertically-aligned-center is-layout-flow wp-block-column-is-layout-flow\">\n<div class=\"wp-block-getwid-advanced-heading is-style-style-1 has-custom-font-size\" style=\"font-size:12px;margin-bottom:0px\"><p class=\"wp-block-getwid-advanced-heading__content\" style=\"text-align:center;letter-spacing:0.1em\">DISCOVER THE CHARM OF THE LUVIANA<\/p><\/div>\n\n\n\n<div class=\"wp-block-getwid-advanced-heading is-style-default\" style=\"margin-top:10px\"><h2 class=\"wp-block-getwid-advanced-heading__content\" style=\"text-align:center\"><strong>Enduro Hobby\/Medium Package \u2013 <\/strong><br><strong>1450 RON per person<\/strong> <br>(minimum group of 2 people)<\/h2><\/div>\n<\/div>\n\n\n\n<div class=\"wp-block-column is-layout-flow wp-block-column-is-layout-flow\">\n<p>No matter where in the world you&#8217;re from, we&#8217;ve prepared a unique experience for enduro enthusiasts in the heart of the mountains. The trails cross ridges, valleys, hills, and forests, offering varying degrees of difficulty and stunning landscapes. Whether you&#8217;re an experienced rider or a beginner looking for an unforgettable adventure, \u0218ugag Guesthouse offers you the following package:  <br\/><br\/>Included services:<br\/>&#8211; 4 nights accommodation<br\/>&#8211; 2 days of riding on trails (day 2 and day 3) with direct departure from the guesthouse courtyard<br\/>&#8211; Enduro guide for the 2 days of riding<br\/>&#8211; Breakfast (served at \u0218ugag Guesthouse), served as platters. Tea and coffee are included for the entire duration of the package. <br\/>&#8211; 2 meals included during the trail at local restaurants (1 meal on day 2 and 1 meal on day 3). The restaurants are La Tanc and P\u0103str\u0103v\u0103ria la Mitic\u0103. (a soup + 1 main course + water\/soft drink and coffee)  <br\/><strong>Note: <em>The rate is valid for a double room (2 adults per room).<\/em> <\/strong><br\/>For a single room option, an additional 500 RON per person per package applies.<br\/><br\/><strong><mark style=\"background-color:rgba(0, 0, 0, 0)\" class=\"has-inline-color has-dark-blue-color\">Reservations can be made by email at <\/mark><\/strong><a href=\"mailto:rezervari@pensiuneasugag.ro\"><mark style=\"background-color:rgba(0, 0, 0, 0)\" class=\"has-inline-color has-dark-blue-color\"><strong>rezervari@pensiuneasugag.ro <\/strong><\/mark><\/a><strong><mark style=\"background-color:rgba(0, 0, 0, 0)\" class=\"has-inline-color has-dark-blue-color\">or via WhatsApp at 0748811418.<\/mark><\/strong><\/p>\n<\/div>\n<\/div>\n<\/div><\/div><\/div><\/div><\/div>\n\n<div style=\"height:20px\" aria-hidden=\"true\" class=\"wp-block-spacer\"><\/div>\n\n<div class=\"wp-block-getwid-section alignfull alignfull getwid-margin-top-none getwid-margin-bottom-none\"><div class=\"wp-block-getwid-section__wrapper getwid-padding-top-normal getwid-padding-bottom-normal getwid-padding-left-medium getwid-padding-right-medium getwid-padding-mobile-left-small getwid-padding-mobile-right-small\"><div class=\"wp-block-getwid-section__inner-wrapper\"><div class=\"wp-block-getwid-section__background-holder\"><div class=\"wp-block-getwid-section__background has-background\" style=\"background-color:#021f6d\"><\/div><div class=\"wp-block-getwid-section__foreground\"><\/div><\/div><div class=\"wp-block-getwid-section__content\"><div class=\"wp-block-getwid-section__inner-content\">\n<div class=\"wp-block-columns has-2-columns is-layout-flex wp-container-core-columns-is-layout-9d6595d7 wp-block-columns-is-layout-flex\">\n<div class=\"wp-block-column is-layout-flow wp-block-column-is-layout-flow\">\n<div class=\"wp-block-getwid-images-stack is-layout-zeta\"><div class=\"wp-block-getwid-images-stack__wrapper\"><div class=\"wp-block-getwid-images-stack__chunk\"><div class=\"wp-block-getwid-images-stack__media-wrapper\"><div class=\"wp-block-getwid-images-stack__media-inner-wrapper\"><img decoding=\"async\" class=\"wp-block-getwid-images-stack__media wp-image-1536\" src=\"https:\/\/pensiuneasugag.scrinternal.ro\/wp-content\/uploads\/2022\/05\/274722524_109145988377931_6608516668015041419_n-1.jpg\" data-id=\"1536\" data-link=\"https:\/\/pensiuneasugag.scrinternal.ro\/home\/despre-pensiune\/274722524_109145988377931_6608516668015041419_n\/\"><\/div><\/div><div class=\"wp-block-getwid-images-stack__media-wrapper\"><div class=\"wp-block-getwid-images-stack__media-inner-wrapper\"><img decoding=\"async\" class=\"wp-block-getwid-images-stack__media wp-image-1537\" src=\"https:\/\/pensiuneasugag.scrinternal.ro\/wp-content\/uploads\/2022\/05\/ce17ca01-4688-401c-9253-aeacb374a9ef-1.jpeg\" data-id=\"1537\" data-link=\"https:\/\/pensiuneasugag.scrinternal.ro\/home\/despre-pensiune\/ce17ca01-4688-401c-9253-aeacb374a9ef\/\"><\/div><\/div><div class=\"wp-block-getwid-images-stack__media-wrapper\"><div class=\"wp-block-getwid-images-stack__media-inner-wrapper\"><img decoding=\"async\" class=\"wp-block-getwid-images-stack__media wp-image-1538\" src=\"https:\/\/pensiuneasugag.scrinternal.ro\/wp-content\/uploads\/2022\/05\/IMG_5020-1.jpeg\" data-id=\"1538\" data-link=\"https:\/\/pensiuneasugag.scrinternal.ro\/home\/despre-pensiune\/img_5020\/\"><\/div><\/div><\/div><div class=\"wp-block-getwid-images-stack__chunk\"><div class=\"wp-block-getwid-images-stack__media-wrapper\"><div class=\"wp-block-getwid-images-stack__media-inner-wrapper\"><img decoding=\"async\" class=\"wp-block-getwid-images-stack__media wp-image-1541\" src=\"https:\/\/pensiuneasugag.scrinternal.ro\/wp-content\/uploads\/2022\/05\/IMG_5097-1-1.jpeg\" data-id=\"1541\" data-link=\"https:\/\/pensiuneasugag.scrinternal.ro\/home\/despre-pensiune\/img_5097-1\/\"><\/div><\/div><\/div><\/div><\/div>\n<\/div>\n\n\n\n<div class=\"wp-block-column is-layout-flow wp-block-column-is-layout-flow\">\n<div class=\"wp-block-getwid-images-stack\"><div class=\"wp-block-getwid-images-stack__wrapper\"><div class=\"wp-block-getwid-images-stack__chunk\"><div class=\"wp-block-getwid-images-stack__media-wrapper\"><div class=\"wp-block-getwid-images-stack__media-inner-wrapper\"><img decoding=\"async\" class=\"wp-block-getwid-images-stack__media wp-image-1539\" src=\"https:\/\/pensiuneasugag.scrinternal.ro\/wp-content\/uploads\/2022\/05\/IMG_5049-1.jpeg\" data-id=\"1539\" data-link=\"https:\/\/pensiuneasugag.scrinternal.ro\/home\/despre-pensiune\/img_5049\/\"><\/div><\/div><div class=\"wp-block-getwid-images-stack__media-wrapper\"><div class=\"wp-block-getwid-images-stack__media-inner-wrapper\"><img decoding=\"async\" class=\"wp-block-getwid-images-stack__media wp-image-1535\" src=\"https:\/\/pensiuneasugag.scrinternal.ro\/wp-content\/uploads\/2022\/05\/274699078_109145971711266_4683636067285052290_n-1.jpg\" data-id=\"1535\" data-link=\"https:\/\/pensiuneasugag.scrinternal.ro\/home\/despre-pensiune\/274699078_109145971711266_4683636067285052290_n\/\"><\/div><\/div><div class=\"wp-block-getwid-images-stack__media-wrapper\"><div class=\"wp-block-getwid-images-stack__media-inner-wrapper\"><img decoding=\"async\" class=\"wp-block-getwid-images-stack__media wp-image-1540\" src=\"https:\/\/pensiuneasugag.scrinternal.ro\/wp-content\/uploads\/2022\/05\/IMG_5051-1.jpeg\" data-id=\"1540\" data-link=\"https:\/\/pensiuneasugag.scrinternal.ro\/home\/despre-pensiune\/img_5051\/\"><\/div><\/div><\/div><div class=\"wp-block-getwid-images-stack__chunk\"><div class=\"wp-block-getwid-images-stack__media-wrapper\"><div class=\"wp-block-getwid-images-stack__media-inner-wrapper\"><img decoding=\"async\" class=\"wp-block-getwid-images-stack__media wp-image-1542\" src=\"https:\/\/pensiuneasugag.scrinternal.ro\/wp-content\/uploads\/2022\/05\/f4dba9d8-133c-44e2-bb80-1e9aadc83816-1.jpeg\" data-id=\"1542\" data-link=\"https:\/\/pensiuneasugag.scrinternal.ro\/home\/despre-pensiune\/f4dba9d8-133c-44e2-bb80-1e9aadc83816\/\"><\/div><\/div><\/div><\/div><\/div>\n<\/div>\n<\/div>\n<\/div><\/div><\/div><\/div><\/div>\n\n<div style=\"height:20px\" aria-hidden=\"true\" class=\"wp-block-spacer\"><\/div>\n\n<div class=\"wp-block-getwid-section alignfull alignfull getwid-margin-top-none getwid-margin-bottom-none\"><div class=\"wp-block-getwid-section__wrapper getwid-padding-top-none getwid-padding-bottom-none getwid-padding-left-medium getwid-padding-right-medium getwid-padding-mobile-left-small getwid-padding-mobile-right-small\"><div class=\"wp-block-getwid-section__inner-wrapper\"><div class=\"wp-block-getwid-section__background-holder\"><div class=\"wp-block-getwid-section__background\"><\/div><div class=\"wp-block-getwid-section__foreground\"><\/div><\/div><div class=\"wp-block-getwid-section__content\"><div class=\"wp-block-getwid-section__inner-content\">\n<div class=\"wp-block-columns has-2-columns is-layout-flex wp-container-core-columns-is-layout-9d6595d7 wp-block-columns-is-layout-flex\">\n<div class=\"wp-block-column is-layout-flow wp-block-column-is-layout-flow\">\n<div class=\"wp-block-getwid-advanced-heading is-style-style-1 has-custom-font-size\" style=\"font-size:12px;margin-bottom:0px\"><p class=\"wp-block-getwid-advanced-heading__content\" style=\"letter-spacing:0.1em\">The place where you can create magical moments<\/p><\/div>\n\n\n\n<div class=\"wp-block-getwid-advanced-heading is-style-default\" style=\"margin-top:10px\"><h2 class=\"wp-block-getwid-advanced-heading__content\">Common areas<\/h2><\/div>\n<\/div>\n\n\n\n<div class=\"wp-block-column is-layout-flow wp-block-column-is-layout-flow\">\n<p>Away from the hustle and bustle of city life, at \u0218ugag Guesthouse, we have designed the living area as a place where you can create magical moments with your loved ones. Warm and welcoming, the living area brings friends together for a chat and good cheer. Adjacent to the living area, the kitchen is fully equipped (with an electric stove\/oven, microwave, dishwasher, espresso machine, refrigerators, toaster, etc.). The kitchen can be used for self-catering, or for organized groups, we offer packages with included meals. Both the living area and the kitchen connect to a shared outdoor terrace and barbecue area. We\u2019ve also considered the little ones by creating a safe and friendly playroom. With plush carpeting, toys, a small table, Lego, and darts, the playroom is ready for young explorers.      <\/p>\n<\/div>\n<\/div>\n<\/div><\/div><\/div><\/div><\/div>\n\n<div class=\"wp-block-getwid-section alignfull alignfull getwid-margin-top-none getwid-margin-bottom-none\"><div class=\"wp-block-getwid-section__wrapper getwid-padding-top-normal getwid-padding-bottom-normal getwid-padding-left-medium getwid-padding-right-medium getwid-padding-mobile-left-small getwid-padding-mobile-right-small\"><div class=\"wp-block-getwid-section__inner-wrapper\"><div class=\"wp-block-getwid-section__background-holder\"><div class=\"wp-block-getwid-section__background has-background has-white-background-color\"><\/div><div class=\"wp-block-getwid-section__foreground\"><\/div><\/div><div class=\"wp-block-getwid-section__content\"><div class=\"wp-block-getwid-section__inner-content\">\n<div class=\"wp-block-columns has-2-columns is-layout-flex wp-container-core-columns-is-layout-9d6595d7 wp-block-columns-is-layout-flex\">\n<div class=\"wp-block-column is-layout-flow wp-block-column-is-layout-flow\">\n<div class=\"wp-block-getwid-images-stack is-layout-zeta\"><div class=\"wp-block-getwid-images-stack__wrapper\"><div class=\"wp-block-getwid-images-stack__chunk\"><div class=\"wp-block-getwid-images-stack__media-wrapper\"><div class=\"wp-block-getwid-images-stack__media-inner-wrapper\"><img decoding=\"async\" class=\"wp-block-getwid-images-stack__media wp-image-1544\" src=\"https:\/\/pensiuneasugag.scrinternal.ro\/wp-content\/uploads\/2022\/05\/IMG_5117-1.jpeg\" data-id=\"1544\" data-link=\"https:\/\/pensiuneasugag.scrinternal.ro\/home\/despre-pensiune\/img_5117\/\"><\/div><\/div><div class=\"wp-block-getwid-images-stack__media-wrapper\"><div class=\"wp-block-getwid-images-stack__media-inner-wrapper\"><img decoding=\"async\" class=\"wp-block-getwid-images-stack__media wp-image-1672\" src=\"https:\/\/pensiuneasugag.scrinternal.ro\/wp-content\/uploads\/2022\/05\/174ba003-727b-463a-a508-fe1259402823.jpg\" data-id=\"1672\" data-link=\"https:\/\/pensiuneasugag.scrinternal.ro\/home\/our-gallery\/174ba003-727b-463a-a508-fe1259402823\/\"><\/div><\/div><div class=\"wp-block-getwid-images-stack__media-wrapper\"><div class=\"wp-block-getwid-images-stack__media-inner-wrapper\"><img decoding=\"async\" class=\"wp-block-getwid-images-stack__media wp-image-1545\" src=\"https:\/\/pensiuneasugag.scrinternal.ro\/wp-content\/uploads\/2022\/05\/274504783_109139125045284_8315139401884718743_n.jpg\" data-id=\"1545\" data-link=\"https:\/\/pensiuneasugag.scrinternal.ro\/home\/despre-pensiune\/274504783_109139125045284_8315139401884718743_n-2\/\"><\/div><\/div><\/div><div class=\"wp-block-getwid-images-stack__chunk\"><div class=\"wp-block-getwid-images-stack__media-wrapper\"><div class=\"wp-block-getwid-images-stack__media-inner-wrapper\"><img decoding=\"async\" class=\"wp-block-getwid-images-stack__media wp-image-1674\" src=\"https:\/\/pensiuneasugag.scrinternal.ro\/wp-content\/uploads\/2022\/05\/be0f37b8-d98d-48a9-9fda-41b07e4f8ca2.jpg\" data-id=\"1674\" data-link=\"https:\/\/pensiuneasugag.scrinternal.ro\/home\/our-gallery\/be0f37b8-d98d-48a9-9fda-41b07e4f8ca2\/\"><\/div><\/div><div class=\"wp-block-getwid-images-stack__media-wrapper\"><div class=\"wp-block-getwid-images-stack__media-inner-wrapper\"><img decoding=\"async\" class=\"wp-block-getwid-images-stack__media wp-image-1546\" src=\"https:\/\/pensiuneasugag.scrinternal.ro\/wp-content\/uploads\/2022\/05\/IMG_5105-1.jpeg\" data-id=\"1546\" data-link=\"https:\/\/pensiuneasugag.scrinternal.ro\/home\/despre-pensiune\/img_5105\/\"><\/div><\/div><div class=\"wp-block-getwid-images-stack__media-wrapper\"><div class=\"wp-block-getwid-images-stack__media-inner-wrapper\"><img decoding=\"async\" class=\"wp-block-getwid-images-stack__media wp-image-1547\" src=\"https:\/\/pensiuneasugag.scrinternal.ro\/wp-content\/uploads\/2022\/05\/IMG_4011-1.jpeg\" data-id=\"1547\" data-link=\"https:\/\/pensiuneasugag.scrinternal.ro\/home\/despre-pensiune\/img_4011\/\"><\/div><\/div><\/div><div class=\"wp-block-getwid-images-stack__chunk\"><div class=\"wp-block-getwid-images-stack__media-wrapper\"><div class=\"wp-block-getwid-images-stack__media-inner-wrapper\"><img decoding=\"async\" class=\"wp-block-getwid-images-stack__media wp-image-1673\" src=\"https:\/\/pensiuneasugag.scrinternal.ro\/wp-content\/uploads\/2022\/05\/8404d47d-a416-4d22-afb5-647329fbb78a.jpg\" data-id=\"1673\" data-link=\"https:\/\/pensiuneasugag.scrinternal.ro\/home\/our-gallery\/8404d47d-a416-4d22-afb5-647329fbb78a\/\"><\/div><\/div><\/div><\/div><\/div>\n<\/div>\n\n\n\n<div class=\"wp-block-column is-layout-flow wp-block-column-is-layout-flow\">\n<div class=\"wp-block-getwid-images-stack\"><div class=\"wp-block-getwid-images-stack__wrapper\"><div class=\"wp-block-getwid-images-stack__chunk\"><div class=\"wp-block-getwid-images-stack__media-wrapper\"><div class=\"wp-block-getwid-images-stack__media-inner-wrapper\"><img decoding=\"async\" class=\"wp-block-getwid-images-stack__media wp-image-1548\" src=\"https:\/\/pensiuneasugag.scrinternal.ro\/wp-content\/uploads\/2022\/05\/IMG_4992-768x1024-1.jpg\" data-id=\"1548\" data-link=\"https:\/\/pensiuneasugag.scrinternal.ro\/home\/despre-pensiune\/img_4992-768x1024\/\"><\/div><\/div><div class=\"wp-block-getwid-images-stack__media-wrapper\"><div class=\"wp-block-getwid-images-stack__media-inner-wrapper\"><img decoding=\"async\" class=\"wp-block-getwid-images-stack__media wp-image-1549\" src=\"https:\/\/pensiuneasugag.scrinternal.ro\/wp-content\/uploads\/2022\/05\/274737032_109141368378393_2363452848873439793_n-1.jpg\" data-id=\"1549\" data-link=\"https:\/\/pensiuneasugag.scrinternal.ro\/home\/despre-pensiune\/274737032_109141368378393_2363452848873439793_n-3\/\"><\/div><\/div><div class=\"wp-block-getwid-images-stack__media-wrapper\"><div class=\"wp-block-getwid-images-stack__media-inner-wrapper\"><img decoding=\"async\" class=\"wp-block-getwid-images-stack__media wp-image-1550\" src=\"https:\/\/pensiuneasugag.scrinternal.ro\/wp-content\/uploads\/2022\/05\/IMG_5101-768x576-1.jpg\" data-id=\"1550\" data-link=\"https:\/\/pensiuneasugag.scrinternal.ro\/home\/despre-pensiune\/img_5101-768x576\/\"><\/div><\/div><\/div><div class=\"wp-block-getwid-images-stack__chunk\"><div class=\"wp-block-getwid-images-stack__media-wrapper\"><div class=\"wp-block-getwid-images-stack__media-inner-wrapper\"><img decoding=\"async\" class=\"wp-block-getwid-images-stack__media wp-image-1551\" src=\"https:\/\/pensiuneasugag.scrinternal.ro\/wp-content\/uploads\/2022\/05\/Zona-de-zi-Pensiunea-Sugag-768x575-1.jpg\" data-id=\"1551\" data-link=\"https:\/\/pensiuneasugag.scrinternal.ro\/home\/despre-pensiune\/zona-de-zi-pensiunea-sugag-768x575\/\"><\/div><\/div><div class=\"wp-block-getwid-images-stack__media-wrapper\"><div class=\"wp-block-getwid-images-stack__media-inner-wrapper\"><img decoding=\"async\" class=\"wp-block-getwid-images-stack__media wp-image-1656\" src=\"https:\/\/pensiuneasugag.scrinternal.ro\/wp-content\/uploads\/2022\/05\/4fe024d2-8083-4c5d-a827-8942656925c3-1.jpg\" data-id=\"1656\" data-link=\"https:\/\/pensiuneasugag.scrinternal.ro\/home\/our-gallery\/4fe024d2-8083-4c5d-a827-8942656925c3-2\/\"><\/div><\/div><div class=\"wp-block-getwid-images-stack__media-wrapper\"><div class=\"wp-block-getwid-images-stack__media-inner-wrapper\"><img decoding=\"async\" class=\"wp-block-getwid-images-stack__media wp-image-1653\" src=\"https:\/\/pensiuneasugag.scrinternal.ro\/wp-content\/uploads\/2022\/05\/cd7af893-1a1f-4555-9b61-232d04df5854.jpg\" data-id=\"1653\" data-link=\"https:\/\/pensiuneasugag.scrinternal.ro\/home\/our-gallery\/cd7af893-1a1f-4555-9b61-232d04df5854\/\"><\/div><\/div><\/div><div class=\"wp-block-getwid-images-stack__chunk\"><div class=\"wp-block-getwid-images-stack__media-wrapper\"><div class=\"wp-block-getwid-images-stack__media-inner-wrapper\"><img decoding=\"async\" class=\"wp-block-getwid-images-stack__media wp-image-1638\" src=\"https:\/\/pensiuneasugag.scrinternal.ro\/wp-content\/uploads\/2022\/05\/IMG_5017-scaled.jpg\" data-id=\"1638\" data-link=\"https:\/\/pensiuneasugag.scrinternal.ro\/accommodation\/camera-dubla-superior\/img_5017\/\"><\/div><\/div><\/div><\/div><\/div>\n<\/div>\n<\/div>\n<\/div><\/div><\/div><\/div><\/div>\n","protected":false},"excerpt":{"rendered":"<p>Pensiunea \u0218ugag is located at the foot of the \u0218ureanu Mountains, where the King&#8217;s Road to Transalpina begins.<\/p>\n","protected":false},"author":1,"featured_media":0,"parent":0,"menu_order":0,"comment_status":"closed","ping_status":"closed","template":"","meta":{"inline_featured_image":false,"_monsterinsights_skip_tracking":false,"_monsterinsights_sitenote_active":false,"_monsterinsights_sitenote_note":"","_monsterinsights_sitenote_category":0,"footnotes":""},"class_list":["post-2557","page","type-page","status-publish","hentry"],"aioseo_notices":[],"_links":{"self":[{"href":"https:\/\/pensiuneasugag.ro\/en\/wp-json\/wp\/v2\/pages\/2557","targetHints":{"allow":["GET"]}}],"collection":[{"href":"https:\/\/pensiuneasugag.ro\/en\/wp-json\/wp\/v2\/pages"}],"about":[{"href":"https:\/\/pensiuneasugag.ro\/en\/wp-json\/wp\/v2\/types\/page"}],"author":[{"embeddable":true,"href":"https:\/\/pensiuneasugag.ro\/en\/wp-json\/wp\/v2\/users\/1"}],"replies":[{"embeddable":true,"href":"https:\/\/pensiuneasugag.ro\/en\/wp-json\/wp\/v2\/comments?post=2557"}],"version-history":[{"count":1,"href":"https:\/\/pensiuneasugag.ro\/en\/wp-json\/wp\/v2\/pages\/2557\/revisions"}],"predecessor-version":[{"id":2558,"href":"https:\/\/pensiuneasugag.ro\/en\/wp-json\/wp\/v2\/pages\/2557\/revisions\/2558"}],"wp:attachment":[{"href":"https:\/\/pensiuneasugag.ro\/en\/wp-json\/wp\/v2\/media?parent=2557"}],"curies":[{"name":"wp","href":"https:\/\/api.w.org\/{rel}","templated":true}]}}